{"id":625,"date":"2025-02-07T11:19:13","date_gmt":"2025-02-07T11:19:13","guid":{"rendered":"https:\/\/biosanica.com\/?page_id=625"},"modified":"2025-12-04T08:50:21","modified_gmt":"2025-12-04T08:50:21","slug":"news","status":"publish","type":"page","link":"https:\/\/biosanica.com\/en\/news\/","title":{"rendered":"News"},"content":{"rendered":"<section class=\"bde-section-625-103 bde-section\">\n              \n  \n  \n\t\n\n  <div class=\"section-background-overlay\"><\/div>\n\n\n<div class=\"section-container\"><div class=\"bde-columns-625-104 bde-columns\"><div class=\"bde-column-625-105 bde-column\">\n  \n  \n\t\n\n\n\n<div class=\"bde-div-625-106 bde-div\">\n  \n  \n\t\n\n\n\n<h4 class=\"bde-heading-625-107 bde-heading\">\nNews\n<\/h4><h1 class=\"bde-heading-625-108 bde-heading\">\nLatest Updates on Biosanica!\n<\/h1>\n<\/div>\n<\/div><\/div><\/div>\n<\/section><section class=\"bde-section-625-100 bde-section\">\n  \n  \n\t\n\n\n\n<div class=\"section-container\"><div class=\"bde-post-list-625-101 bde-post-list\">\n<div class=\"bde-loop bde-loop-grid ee-posts ee-posts-grid\">    <article class=\"bde-loop-item ee-post\">\n                                <a class=\"bde-loop-item__image-link ee-post-image-link\" href=\"https:\/\/biosanica.com\/en\/news\/biofach-2026\/\" aria-label=\"Biofach 2026\">\n                <div class=\"bde-loop-item__image ee-post-image\">\n                    <img loading=\"lazy\" decoding=\"async\" width=\"1200\" height=\"627\" src=\"https:\/\/biosanica.com\/wp-content\/uploads\/2026\/01\/biofach-2026-de-some_wir-sind-dabei-1200x627px.jpg\" class=\"attachment-full size-full wp-post-image\" alt=\"\" srcset=\"https:\/\/biosanica.com\/wp-content\/uploads\/2026\/01\/biofach-2026-de-some_wir-sind-dabei-1200x627px.jpg 1200w, https:\/\/biosanica.com\/wp-content\/uploads\/2026\/01\/biofach-2026-de-some_wir-sind-dabei-1200x627px-300x157.jpg 300w, https:\/\/biosanica.com\/wp-content\/uploads\/2026\/01\/biofach-2026-de-some_wir-sind-dabei-1200x627px-1024x535.jpg 1024w, https:\/\/biosanica.com\/wp-content\/uploads\/2026\/01\/biofach-2026-de-some_wir-sind-dabei-1200x627px-768x401.jpg 768w, https:\/\/biosanica.com\/wp-content\/uploads\/2026\/01\/biofach-2026-de-some_wir-sind-dabei-1200x627px-18x9.jpg 18w\" sizes=\"auto, (max-width: 1200px) 100vw, 1200px\" \/>                <\/div>\n            <\/a>\n        \n        \n        <div class=\"bde-loop-item__wrap ee-post-wrap\">\n            \n                            <h3 class=\"ee-post-title\">\n                    <a class=\"bde-loop-item__title-link ee-post-title-link\" href=\"https:\/\/biosanica.com\/en\/news\/biofach-2026\/\" >\n                        Biofach 2026                    <\/a>\n                <\/h3>\n                            <div class=\"bde-loop-item__content ee-post-content\">\n                    Meet us at the Biofach 2026 in hall 9-323.                <\/div>\n            \n    \n                                    \n    \n    \n    \n    \n            \n                    \n            \n            \n\n    \n    \n    \n    \n    \n    <a class=\"breakdance-link button-atom button-atom--primary bde-loop-item__button ee-post-button\" href=\"https:\/\/biosanica.com\/en\/news\/biofach-2026\/\" target=\"_self\" data-type=\"\"  >\n\n    \n        <span class=\"button-atom__text\">Learn More<\/span>\n\n        \n        \n                <\/a>\n\n    \n\n\n\n\n            \n        <\/div>\n\n    <\/article>\n\n    <article class=\"bde-loop-item ee-post\">\n                                <a class=\"bde-loop-item__image-link ee-post-image-link\" href=\"https:\/\/biosanica.com\/en\/news\/apfelernte-update-12-2025\/\" aria-label=\"Apfelernte-Update 12\/2025\">\n                <div class=\"bde-loop-item__image ee-post-image\">\n                    <img loading=\"lazy\" decoding=\"async\" width=\"1920\" height=\"1280\" src=\"https:\/\/biosanica.com\/wp-content\/uploads\/2025\/01\/IMG_8745.webp\" class=\"attachment-full size-full wp-post-image\" alt=\"\" srcset=\"https:\/\/biosanica.com\/wp-content\/uploads\/2025\/01\/IMG_8745.webp 1920w, https:\/\/biosanica.com\/wp-content\/uploads\/2025\/01\/IMG_8745-300x200.webp 300w, https:\/\/biosanica.com\/wp-content\/uploads\/2025\/01\/IMG_8745-1024x683.webp 1024w, https:\/\/biosanica.com\/wp-content\/uploads\/2025\/01\/IMG_8745-768x512.webp 768w, https:\/\/biosanica.com\/wp-content\/uploads\/2025\/01\/IMG_8745-1536x1024.webp 1536w, https:\/\/biosanica.com\/wp-content\/uploads\/2025\/01\/IMG_8745-18x12.webp 18w\" sizes=\"auto, (max-width: 1920px) 100vw, 1920px\" \/>                <\/div>\n            <\/a>\n        \n        \n        <div class=\"bde-loop-item__wrap ee-post-wrap\">\n            \n                            <h3 class=\"ee-post-title\">\n                    <a class=\"bde-loop-item__title-link ee-post-title-link\" href=\"https:\/\/biosanica.com\/en\/news\/apfelernte-update-12-2025\/\" >\n                        Apfelernte-Update 12\/2025                    <\/a>\n                <\/h3>\n                            <div class=\"bde-loop-item__content ee-post-content\">\n                    Stabile Preise auf hohem Niveau - und ein Markt, der sich sp\u00fcrbar ver\u00e4ndert. Mehr dazu in unserem aktuellen Apfelernte-Bericht.                <\/div>\n            \n    \n                                    \n    \n    \n    \n    \n            \n                    \n            \n            \n\n    \n    \n    \n    \n    \n    <a class=\"breakdance-link button-atom button-atom--primary bde-loop-item__button ee-post-button\" href=\"https:\/\/biosanica.com\/en\/news\/apfelernte-update-12-2025\/\" target=\"_self\" data-type=\"\"  >\n\n    \n        <span class=\"button-atom__text\">Learn More<\/span>\n\n        \n        \n                <\/a>\n\n    \n\n\n\n\n            \n        <\/div>\n\n    <\/article>\n\n    <article class=\"bde-loop-item ee-post\">\n                                <a class=\"bde-loop-item__image-link ee-post-image-link\" href=\"https:\/\/biosanica.com\/en\/news\/anuga-biosanica\/\" aria-label=\"biosanica auf der Anuga\">\n                <div class=\"bde-loop-item__image ee-post-image\">\n                    <img decoding=\"async\" src=\"https:\/\/biosanica.com\/wp-content\/uploads\/2025\/01\/Biosanica-Logo-icon-color.svg\" class=\"attachment-full size-full wp-post-image\" alt=\"\" \/>                <\/div>\n            <\/a>\n        \n        \n        <div class=\"bde-loop-item__wrap ee-post-wrap\">\n            \n                            <h3 class=\"ee-post-title\">\n                    <a class=\"bde-loop-item__title-link ee-post-title-link\" href=\"https:\/\/biosanica.com\/en\/news\/anuga-biosanica\/\" >\n                        biosanica auf der Anuga                    <\/a>\n                <\/h3>\n                            <div class=\"bde-loop-item__content ee-post-content\">\n                    Als Mitaussteller von B\u00f6sch Boden Spies pr\u00e4sentieren wir uns auf der diesj\u00e4hrigen Anuga in Halle 10.2, Stand A 080..                <\/div>\n            \n    \n                                    \n    \n    \n    \n    \n            \n                    \n            \n            \n\n    \n    \n    \n    \n    \n    <a class=\"breakdance-link button-atom button-atom--primary bde-loop-item__button ee-post-button\" href=\"https:\/\/biosanica.com\/en\/news\/anuga-biosanica\/\" target=\"_self\" data-type=\"\"  >\n\n    \n        <span class=\"button-atom__text\">Learn More<\/span>\n\n        \n        \n                <\/a>\n\n    \n\n\n\n\n            \n        <\/div>\n\n    <\/article>\n\n    <article class=\"bde-loop-item ee-post\">\n                                <a class=\"bde-loop-item__image-link ee-post-image-link\" href=\"https:\/\/biosanica.com\/en\/news\/produktionsstart\/\" aria-label=\"Produktionsstart\">\n                <div class=\"bde-loop-item__image ee-post-image\">\n                    <img loading=\"lazy\" decoding=\"async\" width=\"2560\" height=\"1440\" src=\"https:\/\/biosanica.com\/wp-content\/uploads\/2025\/09\/A7R04065-scaled.png\" class=\"attachment-full size-full wp-post-image\" alt=\"\" srcset=\"https:\/\/biosanica.com\/wp-content\/uploads\/2025\/09\/A7R04065-scaled.png 2560w, https:\/\/biosanica.com\/wp-content\/uploads\/2025\/09\/A7R04065-300x169.png 300w, https:\/\/biosanica.com\/wp-content\/uploads\/2025\/09\/A7R04065-1024x576.png 1024w, https:\/\/biosanica.com\/wp-content\/uploads\/2025\/09\/A7R04065-768x432.png 768w, https:\/\/biosanica.com\/wp-content\/uploads\/2025\/09\/A7R04065-1536x864.png 1536w, https:\/\/biosanica.com\/wp-content\/uploads\/2025\/09\/A7R04065-2048x1152.png 2048w, https:\/\/biosanica.com\/wp-content\/uploads\/2025\/09\/A7R04065-18x10.png 18w\" sizes=\"auto, (max-width: 2560px) 100vw, 2560px\" \/>                <\/div>\n            <\/a>\n        \n        \n        <div class=\"bde-loop-item__wrap ee-post-wrap\">\n            \n                            <h3 class=\"ee-post-title\">\n                    <a class=\"bde-loop-item__title-link ee-post-title-link\" href=\"https:\/\/biosanica.com\/en\/news\/produktionsstart\/\" >\n                        Produktionsstart                    <\/a>\n                <\/h3>\n                            <div class=\"bde-loop-item__content ee-post-content\">\n                    In September, we restarted production of organic dried apple products in S\u00fcderholz and are already processing organic apples from the new harvest.                <\/div>\n            \n    \n                                    \n    \n    \n    \n    \n            \n                    \n            \n            \n\n    \n    \n    \n    \n    \n    <a class=\"breakdance-link button-atom button-atom--primary bde-loop-item__button ee-post-button\" href=\"https:\/\/biosanica.com\/en\/news\/produktionsstart\/\" target=\"_self\" data-type=\"\"  >\n\n    \n        <span class=\"button-atom__text\">Learn More<\/span>\n\n        \n        \n                <\/a>\n\n    \n\n\n\n\n            \n        <\/div>\n\n    <\/article>\n\n    <article class=\"bde-loop-item ee-post\">\n                                <a class=\"bde-loop-item__image-link ee-post-image-link\" href=\"https:\/\/biosanica.com\/en\/news\/prognosfruit-2025-2\/\" aria-label=\"Prognosfruit 2025\">\n                <div class=\"bde-loop-item__image ee-post-image\">\n                    <img loading=\"lazy\" decoding=\"async\" width=\"1024\" height=\"576\" src=\"https:\/\/biosanica.com\/wp-content\/uploads\/2025\/09\/Apfelkiste.png\" class=\"attachment-full size-full wp-post-image\" alt=\"\" srcset=\"https:\/\/biosanica.com\/wp-content\/uploads\/2025\/09\/Apfelkiste.png 1024w, https:\/\/biosanica.com\/wp-content\/uploads\/2025\/09\/Apfelkiste-300x169.png 300w, https:\/\/biosanica.com\/wp-content\/uploads\/2025\/09\/Apfelkiste-768x432.png 768w, https:\/\/biosanica.com\/wp-content\/uploads\/2025\/09\/Apfelkiste-18x10.png 18w\" sizes=\"auto, (max-width: 1024px) 100vw, 1024px\" \/>                <\/div>\n            <\/a>\n        \n        \n        <div class=\"bde-loop-item__wrap ee-post-wrap\">\n            \n                            <h3 class=\"ee-post-title\">\n                    <a class=\"bde-loop-item__title-link ee-post-title-link\" href=\"https:\/\/biosanica.com\/en\/news\/prognosfruit-2025-2\/\" >\n                        Prognosfruit 2025                    <\/a>\n                <\/h3>\n                            <div class=\"bde-loop-item__content ee-post-content\">\n                    Mit \u00fcber 200 Besucher*innen aus 23 verschiedenen L\u00e4ndern konnten wir uns \u00fcber die Ernteprognosen f\u00fcr die Saison 2025\/26 auf der diesj\u00e4hrigen Prognosfruit in Angers (FR) informieren, netzwerken und diskutieren.                <\/div>\n            \n    \n                                    \n    \n    \n    \n    \n            \n                    \n            \n            \n\n    \n    \n    \n    \n    \n    <a class=\"breakdance-link button-atom button-atom--primary bde-loop-item__button ee-post-button\" href=\"https:\/\/biosanica.com\/en\/news\/prognosfruit-2025-2\/\" target=\"_self\" data-type=\"\"  >\n\n    \n        <span class=\"button-atom__text\">Learn More<\/span>\n\n        \n        \n                <\/a>\n\n    \n\n\n\n\n            \n        <\/div>\n\n    <\/article>\n\n    <article class=\"bde-loop-item ee-post\">\n                                <a class=\"bde-loop-item__image-link ee-post-image-link\" href=\"https:\/\/biosanica.com\/en\/news\/bosch-boden-spies-auf-der-biofach\/\" aria-label=\"B\u00f6sch Boden Spies at Biofach\">\n                <div class=\"bde-loop-item__image ee-post-image\">\n                    <img loading=\"lazy\" decoding=\"async\" width=\"2560\" height=\"1705\" src=\"https:\/\/biosanica.com\/wp-content\/uploads\/2025\/02\/IMG_2408-scaled.webp\" class=\"attachment-full size-full wp-post-image\" alt=\"\" srcset=\"https:\/\/biosanica.com\/wp-content\/uploads\/2025\/02\/IMG_2408-scaled.webp 2560w, https:\/\/biosanica.com\/wp-content\/uploads\/2025\/02\/IMG_2408-300x200.webp 300w, https:\/\/biosanica.com\/wp-content\/uploads\/2025\/02\/IMG_2408-1024x682.webp 1024w, https:\/\/biosanica.com\/wp-content\/uploads\/2025\/02\/IMG_2408-768x511.webp 768w, https:\/\/biosanica.com\/wp-content\/uploads\/2025\/02\/IMG_2408-1536x1023.webp 1536w, https:\/\/biosanica.com\/wp-content\/uploads\/2025\/02\/IMG_2408-2048x1364.webp 2048w, https:\/\/biosanica.com\/wp-content\/uploads\/2025\/02\/IMG_2408-18x12.webp 18w\" sizes=\"auto, (max-width: 2560px) 100vw, 2560px\" \/>                <\/div>\n            <\/a>\n        \n        \n        <div class=\"bde-loop-item__wrap ee-post-wrap\">\n            \n                            <h3 class=\"ee-post-title\">\n                    <a class=\"bde-loop-item__title-link ee-post-title-link\" href=\"https:\/\/biosanica.com\/en\/news\/bosch-boden-spies-auf-der-biofach\/\" >\n                        B\u00f6sch Boden Spies at Biofach                    <\/a>\n                <\/h3>\n                            <div class=\"bde-loop-item__content ee-post-content\">\n                    Together with our partner B\u00f6sch Boden Spies at Biofach. Also at our booth this year, you can explore a selection of the high-quality organic line from B\u00f6sch Boden Spies with organic\u2026                <\/div>\n            \n    \n                                    \n    \n    \n    \n    \n            \n                    \n            \n            \n\n    \n    \n    \n    \n    \n    <a class=\"breakdance-link button-atom button-atom--primary bde-loop-item__button ee-post-button\" href=\"https:\/\/biosanica.com\/en\/news\/bosch-boden-spies-auf-der-biofach\/\" target=\"_self\" data-type=\"\"  >\n\n    \n        <span class=\"button-atom__text\">Learn More<\/span>\n\n        \n        \n                <\/a>\n\n    \n\n\n\n\n            \n        <\/div>\n\n    <\/article>\n\n    <article class=\"bde-loop-item ee-post\">\n                                <a class=\"bde-loop-item__image-link ee-post-image-link\" href=\"https:\/\/biosanica.com\/en\/news\/unser-neues-imagevideo\/\" aria-label=\"Our new corporate video\">\n                <div class=\"bde-loop-item__image ee-post-image\">\n                    <img loading=\"lazy\" decoding=\"async\" width=\"1920\" height=\"1080\" src=\"https:\/\/biosanica.com\/wp-content\/uploads\/2025\/02\/THJUMBNAIL-IMAGEVIDEO.webp\" class=\"attachment-full size-full wp-post-image\" alt=\"\" srcset=\"https:\/\/biosanica.com\/wp-content\/uploads\/2025\/02\/THJUMBNAIL-IMAGEVIDEO.webp 1920w, https:\/\/biosanica.com\/wp-content\/uploads\/2025\/02\/THJUMBNAIL-IMAGEVIDEO-300x169.webp 300w, https:\/\/biosanica.com\/wp-content\/uploads\/2025\/02\/THJUMBNAIL-IMAGEVIDEO-1024x576.webp 1024w, https:\/\/biosanica.com\/wp-content\/uploads\/2025\/02\/THJUMBNAIL-IMAGEVIDEO-768x432.webp 768w, https:\/\/biosanica.com\/wp-content\/uploads\/2025\/02\/THJUMBNAIL-IMAGEVIDEO-1536x864.webp 1536w, https:\/\/biosanica.com\/wp-content\/uploads\/2025\/02\/THJUMBNAIL-IMAGEVIDEO-18x10.webp 18w\" sizes=\"auto, (max-width: 1920px) 100vw, 1920px\" \/>                <\/div>\n            <\/a>\n        \n        \n        <div class=\"bde-loop-item__wrap ee-post-wrap\">\n            \n                            <h3 class=\"ee-post-title\">\n                    <a class=\"bde-loop-item__title-link ee-post-title-link\" href=\"https:\/\/biosanica.com\/en\/news\/unser-neues-imagevideo\/\" >\n                        Our new corporate video                    <\/a>\n                <\/h3>\n                            <div class=\"bde-loop-item__content ee-post-content\">\n                    Our new image video: 100% Apple \u2013 Nothing Else! Have you ever wondered how a fresh apple turns into our crispy apple chips? In our new image video, we take you\u2026                <\/div>\n            \n    \n                                    \n    \n    \n    \n    \n            \n                    \n            \n            \n\n    \n    \n    \n    \n    \n    <a class=\"breakdance-link button-atom button-atom--primary bde-loop-item__button ee-post-button\" href=\"https:\/\/biosanica.com\/en\/news\/unser-neues-imagevideo\/\" target=\"_self\" data-type=\"\"  >\n\n    \n        <span class=\"button-atom__text\">Learn More<\/span>\n\n        \n        \n                <\/a>\n\n    \n\n\n\n\n            \n        <\/div>\n\n    <\/article>\n\n    <article class=\"bde-loop-item ee-post\">\n                                <a class=\"bde-loop-item__image-link ee-post-image-link\" href=\"https:\/\/biosanica.com\/en\/news\/prognosfruit-2025\/\" aria-label=\"biosanica auf der Biofach\">\n                <div class=\"bde-loop-item__image ee-post-image\">\n                    <img loading=\"lazy\" decoding=\"async\" width=\"2560\" height=\"2160\" src=\"https:\/\/biosanica.com\/wp-content\/uploads\/2025\/01\/Apfelherz-scaled.webp\" class=\"attachment-full size-full wp-post-image\" alt=\"\" srcset=\"https:\/\/biosanica.com\/wp-content\/uploads\/2025\/01\/Apfelherz-scaled.webp 2560w, https:\/\/biosanica.com\/wp-content\/uploads\/2025\/01\/Apfelherz-300x253.webp 300w, https:\/\/biosanica.com\/wp-content\/uploads\/2025\/01\/Apfelherz-1024x864.webp 1024w, https:\/\/biosanica.com\/wp-content\/uploads\/2025\/01\/Apfelherz-768x648.webp 768w, https:\/\/biosanica.com\/wp-content\/uploads\/2025\/01\/Apfelherz-1536x1296.webp 1536w, https:\/\/biosanica.com\/wp-content\/uploads\/2025\/01\/Apfelherz-2048x1728.webp 2048w, https:\/\/biosanica.com\/wp-content\/uploads\/2025\/01\/Apfelherz-14x12.webp 14w\" sizes=\"auto, (max-width: 2560px) 100vw, 2560px\" \/>                <\/div>\n            <\/a>\n        \n        \n        <div class=\"bde-loop-item__wrap ee-post-wrap\">\n            \n                            <h3 class=\"ee-post-title\">\n                    <a class=\"bde-loop-item__title-link ee-post-title-link\" href=\"https:\/\/biosanica.com\/en\/news\/prognosfruit-2025\/\" >\n                        biosanica auf der Biofach                    <\/a>\n                <\/h3>\n                            <div class=\"bde-loop-item__content ee-post-content\">\n                    Biofach is just around the corner, and we warmly invite you to visit us in Hall 9 at Booth 425! From February 11 to 14. Contact us\u2026                <\/div>\n            \n    \n                                    \n    \n    \n    \n    \n            \n                    \n            \n            \n\n    \n    \n    \n    \n    \n    <a class=\"breakdance-link button-atom button-atom--primary bde-loop-item__button ee-post-button\" href=\"https:\/\/biosanica.com\/en\/news\/prognosfruit-2025\/\" target=\"_self\" data-type=\"\"  >\n\n    \n        <span class=\"button-atom__text\">Learn More<\/span>\n\n        \n        \n                <\/a>\n\n    \n\n\n\n\n            \n        <\/div>\n\n    <\/article>\n\n<\/div>\n<\/div><\/div>\n<\/section>","protected":false},"excerpt":{"rendered":"<p>Wir freuen uns auf Sie. Treffen Sie uns auf der Biofach! Kontaktieren Sie uns f\u00fcr kostenlose Eintrittskarten! Jetzt Eintrittskarte sichen! 11. &#8211; 14. Februar Biofach, N\u00fcrnberg Messe, Halle 9 &#8211; Stand 425 Die Biofach steht vor der T\u00fcr, und wir laden Sie herzlich ein, uns in der Halle 9 am Stand 425 zu besuchen! Freuen [&hellip;]<\/p>","protected":false},"author":1,"featured_media":0,"parent":0,"menu_order":0,"comment_status":"closed","ping_status":"closed","template":"","meta":{"_breakdance_hide_in_design_set":false,"_breakdance_tags":"","footnotes":""},"class_list":["post-625","page","type-page","status-publish","hentry"],"_links":{"self":[{"href":"https:\/\/biosanica.com\/en\/wp-json\/wp\/v2\/pages\/625","targetHints":{"allow":["GET"]}}],"collection":[{"href":"https:\/\/biosanica.com\/en\/wp-json\/wp\/v2\/pages"}],"about":[{"href":"https:\/\/biosanica.com\/en\/wp-json\/wp\/v2\/types\/page"}],"author":[{"embeddable":true,"href":"https:\/\/biosanica.com\/en\/wp-json\/wp\/v2\/users\/1"}],"replies":[{"embeddable":true,"href":"https:\/\/biosanica.com\/en\/wp-json\/wp\/v2\/comments?post=625"}],"version-history":[{"count":1,"href":"https:\/\/biosanica.com\/en\/wp-json\/wp\/v2\/pages\/625\/revisions"}],"predecessor-version":[{"id":797,"href":"https:\/\/biosanica.com\/en\/wp-json\/wp\/v2\/pages\/625\/revisions\/797"}],"wp:attachment":[{"href":"https:\/\/biosanica.com\/en\/wp-json\/wp\/v2\/media?parent=625"}],"curies":[{"name":"wp","href":"https:\/\/api.w.org\/{rel}","templated":true}]}}