{"id":200,"date":"2024-10-15T07:02:20","date_gmt":"2024-10-15T07:02:20","guid":{"rendered":"https:\/\/biosanica.com\/?page_id=200"},"modified":"2025-02-07T12:07:48","modified_gmt":"2025-02-07T12:07:48","slug":"impressum","status":"publish","type":"page","link":"https:\/\/biosanica.com\/en\/impressum\/","title":{"rendered":"Imprint"},"content":{"rendered":"<section class=\"bde-section-200-100 bde-section\">\n  \n  \n\t\n\n\n\n<div class=\"section-container\"><div class=\"bde-div-200-102 bde-div\">\n  \n  \n\t\n\n\n\n<h1 class=\"bde-heading-200-101 bde-heading\">\nImprint\n<\/h1>\n<\/div><div class=\"bde-div-200-103 bde-div\">\n  \n  \n\t\n\n\n\n<div class=\"bde-div-200-105 bde-div\">\n  \n  \n\t\n\n\n\n<div class=\"bde-text-200-104 bde-text\">\nCompany:<br>\n<\/div>\n<\/div><div class=\"bde-div-200-106 bde-div\">\n  \n  \n\t\n\n\n\n<div class=\"bde-text-200-107 bde-text\">\nbiosanica GmbH<br>Pommerndreieck 3, 18516 S\u00fcderholz<br><br>Telefon: +49 (0) 38326 5315 0<br>Fax: +49 (0) 38326 5315 29<br><br>Web: www.biosanica.com<br>E-Mail: info@biosanica.de\n<\/div>\n<\/div>\n<\/div><div class=\"bde-div-200-113 bde-div\">\n  \n  \n\t\n\n\n\n<div class=\"bde-div-200-114 bde-div\">\n  \n  \n\t\n\n\n\n<div class=\"bde-text-200-115 bde-text\">\nCEO:\n<\/div>\n<\/div><div class=\"bde-div-200-116 bde-div\">\n  \n  \n\t\n\n\n\n<div class=\"bde-text-200-117 bde-text\">\nOlaf Rohlfs\n<\/div>\n<\/div>\n<\/div><div class=\"bde-div-200-118 bde-div\">\n  \n  \n\t\n\n\n\n<div class=\"bde-div-200-119 bde-div\">\n  \n  \n\t\n\n\n\n<div class=\"bde-text-200-120 bde-text\">\nCommercial Register:\n<\/div>\n<\/div><div class=\"bde-div-200-121 bde-div\">\n  \n  \n\t\n\n\n\n<div class=\"bde-text-200-122 bde-text\">\nHRB 8725, District Court of Stralsund\n<\/div>\n<\/div>\n<\/div><div class=\"bde-div-200-123 bde-div\">\n  \n  \n\t\n\n\n\n<div class=\"bde-div-200-124 bde-div\">\n  \n  \n\t\n\n\n\n<div class=\"bde-text-200-125 bde-text\">\nRegistered office of the corporation:\n<\/div>\n<\/div><div class=\"bde-div-200-126 bde-div\">\n  \n  \n\t\n\n\n\n<div class=\"bde-text-200-127 bde-text\">\n\tS\u00fcderholz\n<\/div>\n<\/div>\n<\/div><div class=\"bde-div-200-128 bde-div\">\n  \n  \n\t\n\n\n\n<div class=\"bde-div-200-129 bde-div\">\n  \n  \n\t\n\n\n\n<div class=\"bde-text-200-130 bde-text\">\nOrganic Control Body:\n<\/div>\n<\/div><div class=\"bde-div-200-131 bde-div\">\n  \n  \n\t\n\n\n\n<div class=\"bde-text-200-132 bde-text\">\nDE-\u00d6KO-037\n<\/div>\n<\/div>\n<\/div><div class=\"bde-div-200-133 bde-div\">\n  \n  \n\t\n\n\n\n<div class=\"bde-div-200-134 bde-div\">\n  \n  \n\t\n\n\n\n<div class=\"bde-text-200-135 bde-text\">\nVAT ID No.:\n<\/div>\n<\/div><div class=\"bde-div-200-136 bde-div\">\n  \n  \n\t\n\n\n\n<div class=\"bde-text-200-137 bde-text\">\nDE 273148304\n<\/div>\n<\/div>\n<\/div><div class=\"bde-div-200-138 bde-div\">\n  \n  \n\t\n\n\n\n<div class=\"bde-div-200-139 bde-div\">\n  \n  \n\t\n\n\n\n<div class=\"bde-text-200-140 bde-text\">\nPhilosophy:\n<\/div>\n<\/div><div class=\"bde-div-200-141 bde-div\">\n  \n  \n\t\n\n\n\n<div class=\"bde-text-200-142 bde-text\">\n\tOrganic products without compromise\n<\/div>\n<\/div>\n<\/div><div class=\"bde-div-200-143 bde-div\">\n  \n  \n\t\n\n\n\n<div class=\"bde-div-200-144 bde-div\">\n  \n  \n\t\n\n\n\n<div class=\"bde-text-200-145 bde-text\">\nCertification:\n<\/div>\n<\/div><div class=\"bde-div-200-146 bde-div\">\n  \n  \n\t\n\n\n\n<div class=\"bde-text-200-147 bde-text translation-block\">International Featured Standard (IFS Food Version 8),<br>Organic Regulation (EU) No. 2018\/848<\/div>\n<\/div>\n<\/div><div class=\"bde-div-200-148 bde-div\">\n  \n  \n\t\n\n\n\n<div class=\"bde-div-200-149 bde-div\">\n  \n  \n\t\n\n\n\n<div class=\"bde-text-200-150 bde-text\">\nCore Competence:\n<\/div>\n<\/div><div class=\"bde-div-200-151 bde-div\">\n  \n  \n\t\n\n\n\n<div class=\"bde-text-200-152 bde-text\">\nIn-house production of organic dried fruits\n<\/div>\n<\/div>\n<\/div><div class=\"bde-div-200-158 bde-div\">\n  \n  \n\t\n\n\n\n<div class=\"bde-div-200-159 bde-div\">\n  \n  \n\t\n\n\n\n<div class=\"bde-text-200-160 bde-text\">\nInformation about online dispute resolution:\n<\/div>\n<\/div><div class=\"bde-div-200-161 bde-div\">\n  \n  \n\t\n\n\n\n<div class=\"bde-text-200-162 bde-text translation-block\">The European Commission provides a platform for online dispute resolution (ODR).<br>You can find the platform <a href=\"https:\/\/ec.europa.eu\/info\/live-work-travel-eu\/consumer-rights-and-complaints\/resolve-your-consumer-complaint_en\" target=\"_self\">here.<\/a><\/div>\n<\/div>\n<\/div><\/div>\n<\/section>","protected":false},"excerpt":{"rendered":"<p>Impressum Firma: biosanica GmbHPommerndreieck 3, 18516 S\u00fcderholzTelefon: +49 (0) 38326 5315 0Fax: +49 (0) 38326 5315 29Web: www.biosanica.comE-Mail: info@biosanica.de Gesch\u00e4ftsf\u00fchrung: Olaf Rohlfs Handelsregister: HRB 8725 Amtsgericht Stralsund Sitz der Gesellschaft: S\u00fcderholz \u00d6kokontrollstelle: DE-\u00d6KO-037 Umsatzsteuer ID-Nr: DE 273148304 Philosophie: Bio-Produkte ohne Kompromisse Zertifizierung: International Featured Standard (IFS Food Version 8),Bio-Verordnung (EG) Nr. 2018\/848 Kernkompetenz: eigene Herstellung [&hellip;]<\/p>","protected":false},"author":1,"featured_media":0,"parent":0,"menu_order":0,"comment_status":"closed","ping_status":"closed","template":"","meta":{"_breakdance_hide_in_design_set":false,"_breakdance_tags":"","footnotes":""},"class_list":["post-200","page","type-page","status-publish","hentry"],"_links":{"self":[{"href":"https:\/\/biosanica.com\/en\/wp-json\/wp\/v2\/pages\/200","targetHints":{"allow":["GET"]}}],"collection":[{"href":"https:\/\/biosanica.com\/en\/wp-json\/wp\/v2\/pages"}],"about":[{"href":"https:\/\/biosanica.com\/en\/wp-json\/wp\/v2\/types\/page"}],"author":[{"embeddable":true,"href":"https:\/\/biosanica.com\/en\/wp-json\/wp\/v2\/users\/1"}],"replies":[{"embeddable":true,"href":"https:\/\/biosanica.com\/en\/wp-json\/wp\/v2\/comments?post=200"}],"version-history":[{"count":0,"href":"https:\/\/biosanica.com\/en\/wp-json\/wp\/v2\/pages\/200\/revisions"}],"wp:attachment":[{"href":"https:\/\/biosanica.com\/en\/wp-json\/wp\/v2\/media?parent=200"}],"curies":[{"name":"wp","href":"https:\/\/api.w.org\/{rel}","templated":true}]}}